{"id":5470,"date":"2023-02-08T21:53:58","date_gmt":"2023-02-08T20:53:58","guid":{"rendered":"https:\/\/nadudvari.hu\/impressum\/"},"modified":"2023-05-15T00:26:01","modified_gmt":"2023-05-14T22:26:01","slug":"impressum","status":"publish","type":"page","link":"https:\/\/nadudvari.hu\/en\/impressum\/","title":{"rendered":"Impressum"},"content":{"rendered":"\t\t<div data-elementor-type=\"wp-page\" data-elementor-id=\"5470\" class=\"elementor elementor-5470 elementor-4286\" data-elementor-post-type=\"page\">\n\t\t\t\t\t\t<section class=\"elementor-section elementor-top-section elementor-element elementor-element-47e1d5a elementor-section-boxed elementor-section-height-default elementor-section-height-default\" data-id=\"47e1d5a\" data-element_type=\"section\" data-e-type=\"section\" data-settings=\"{&quot;jet_parallax_layout_list&quot;:[]}\">\n\t\t\t\t\t\t<div class=\"elementor-container elementor-column-gap-default\">\n\t\t\t\t\t<div class=\"elementor-column elementor-col-100 elementor-top-column elementor-element elementor-element-1201d35\" data-id=\"1201d35\" data-element_type=\"column\" data-e-type=\"column\">\n\t\t\t<div class=\"elementor-widget-wrap elementor-element-populated\">\n\t\t\t\t\t\t<div class=\"elementor-element elementor-element-8a33ba3 elementor-widget elementor-widget-heading\" data-id=\"8a33ba3\" data-element_type=\"widget\" data-e-type=\"widget\" data-widget_type=\"heading.default\">\n\t\t\t\t<div class=\"elementor-widget-container\">\n\t\t\t\t\t<h1 class=\"elementor-heading-title elementor-size-default\">Impressum<\/h1>\t\t\t\t<\/div>\n\t\t\t\t<\/div>\n\t\t\t\t<div class=\"elementor-element elementor-element-02d7498 elementor-widget elementor-widget-text-editor\" data-id=\"02d7498\" data-element_type=\"widget\" data-e-type=\"widget\" data-widget_type=\"text-editor.default\">\n\t\t\t\t<div class=\"elementor-widget-container\">\n\t\t\t\t\t\t\t\t\t<p>ABOUT THE OPERATOR<br \/>Operator\u2019s name: N\u00e1dudvari \u00c9lelmiszer Kft.<br \/>Operator\u2019s registered office: 4181 N\u00e1dudvar, Gutenberg u.1.<br \/>Operator\u2019s postal address: 4181 N\u00e1dudvar. Gutenberg u.1.<br \/>Operator\u2019s company registration number: 09-09-003140<br \/>Operator\u2019s tax number: 11156026-2-09<\/p>\n<p>HOW TO CONTACT THE OPERATOR<br \/>Customer Service: working days Monday to Friday, 8am \u2013 4pm.,<br \/>Phone: +36 54[1]480 633, email: nadudvari@nagisz.hu<\/p>\n<p>HOSTING PROVIDER FOR THE OPERATOR\u2019S WEBSITE<br \/>Name: LINUXWEB Informatikai Kft.<br \/>Registered office: H-4034 Debrecen, S\u00f3lyom utca 28., Phone: +36 20[1]421 4894, email: office@linuxweb.hu<\/p>\n\t\t\t\t\t\t\t\t<\/div>\n\t\t\t\t<\/div>\n\t\t\t\t\t<\/div>\n\t\t<\/div>\n\t\t\t\t\t<\/div>\n\t\t<\/section>\n\t\t\t\t<\/div>\n\t\t","protected":false},"excerpt":{"rendered":"<p>Impressum ABOUT THE OPERATOROperator\u2019s name: N\u00e1dudvari \u00c9lelmiszer Kft.Operator\u2019s registered office: 4181 N\u00e1dudvar, Gutenberg u.1.Operator\u2019s postal address: 4181 N\u00e1dudvar. Gutenberg u.1.Operator\u2019s company registration number: 09-09-003140Operator\u2019s tax number: 11156026-2-09 HOW TO CONTACT THE OPERATORCustomer Service: working days Monday to Friday, 8am \u2013 4pm.,Phone: +36 54[1]480 633, email: nadudvari@nagisz.hu HOSTING PROVIDER FOR THE OPERATOR\u2019S WEBSITEName: LINUXWEB Informatikai Kft.Registered [&hellip;]<\/p>\n","protected":false},"author":16,"featured_media":0,"parent":0,"menu_order":0,"comment_status":"closed","ping_status":"closed","template":"","meta":{"footnotes":""},"class_list":["post-5470","page","type-page","status-publish","hentry"],"yoast_head":"<!-- This site is optimized with the Yoast SEO plugin v27.5 - https:\/\/yoast.com\/product\/yoast-seo-wordpress\/ -->\n<title>Impressum - N\u00e1dudvari \u00c9lelmiszer - Tudjuk, mi kell otthonra<\/title>\n<meta name=\"description\" content=\"D\u00edjnyertes \u00e9s 100%-ban hazai N\u00e1dudvari \u00e9lelmiszerek, amelyek h\u0171en t\u00fckr\u00f6zik a vid\u00e9k \u00edz\u00e9t azoknak, akik min\u0151s\u00e9gi \u00e9s finom \u00e9telekre v\u00e1gynak.\" \/>\n<meta name=\"robots\" content=\"index, follow, max-snippet:-1, max-image-preview:large, max-video-preview:-1\" \/>\n<link rel=\"canonical\" href=\"https:\/\/nadudvari.hu\/en\/impressum\/\" \/>\n<meta property=\"og:locale\" content=\"en_US\" \/>\n<meta property=\"og:type\" content=\"article\" \/>\n<meta property=\"og:title\" content=\"Impressum - N\u00e1dudvari \u00c9lelmiszer - Tudjuk, mi kell otthonra\" \/>\n<meta property=\"og:description\" content=\"D\u00edjnyertes \u00e9s 100%-ban hazai N\u00e1dudvari \u00e9lelmiszerek, amelyek h\u0171en t\u00fckr\u00f6zik a vid\u00e9k \u00edz\u00e9t azoknak, akik min\u0151s\u00e9gi \u00e9s finom \u00e9telekre v\u00e1gynak.\" \/>\n<meta property=\"og:url\" content=\"https:\/\/nadudvari.hu\/en\/impressum\/\" \/>\n<meta property=\"og:site_name\" content=\"N\u00e1dudvari \u00c9lelmiszer\" \/>\n<meta property=\"article:publisher\" content=\"https:\/\/www.facebook.com\/NadudvariElelmiszerKft\" \/>\n<meta property=\"article:modified_time\" content=\"2023-05-14T22:26:01+00:00\" \/>\n<meta property=\"og:image\" content=\"https:\/\/nadudvari.hu\/wp-content\/uploads\/2023\/02\/nadudvari-logo.png\" \/>\n\t<meta property=\"og:image:width\" content=\"509\" \/>\n\t<meta property=\"og:image:height\" content=\"150\" \/>\n\t<meta property=\"og:image:type\" content=\"image\/png\" \/>\n<meta name=\"twitter:card\" content=\"summary_large_image\" \/>\n<script type=\"application\/ld+json\" class=\"yoast-schema-graph\">{\"@context\":\"https:\\\/\\\/schema.org\",\"@graph\":[{\"@type\":\"WebPage\",\"@id\":\"https:\\\/\\\/nadudvari.hu\\\/en\\\/impressum\\\/\",\"url\":\"https:\\\/\\\/nadudvari.hu\\\/en\\\/impressum\\\/\",\"name\":\"Impressum - N\u00e1dudvari \u00c9lelmiszer - Tudjuk, mi kell otthonra\",\"isPartOf\":{\"@id\":\"https:\\\/\\\/nadudvari.hu\\\/#website\"},\"datePublished\":\"2023-02-08T20:53:58+00:00\",\"dateModified\":\"2023-05-14T22:26:01+00:00\",\"description\":\"D\u00edjnyertes \u00e9s 100%-ban hazai N\u00e1dudvari \u00e9lelmiszerek, amelyek h\u0171en t\u00fckr\u00f6zik a vid\u00e9k \u00edz\u00e9t azoknak, akik min\u0151s\u00e9gi \u00e9s finom \u00e9telekre v\u00e1gynak.\",\"breadcrumb\":{\"@id\":\"https:\\\/\\\/nadudvari.hu\\\/en\\\/impressum\\\/#breadcrumb\"},\"inLanguage\":\"en-US\",\"potentialAction\":[{\"@type\":\"ReadAction\",\"target\":[\"https:\\\/\\\/nadudvari.hu\\\/en\\\/impressum\\\/\"]}]},{\"@type\":\"BreadcrumbList\",\"@id\":\"https:\\\/\\\/nadudvari.hu\\\/en\\\/impressum\\\/#breadcrumb\",\"itemListElement\":[{\"@type\":\"ListItem\",\"position\":1,\"name\":\"Kezd\u0151lap\",\"item\":\"https:\\\/\\\/nadudvari.hu\\\/\"},{\"@type\":\"ListItem\",\"position\":2,\"name\":\"Impressum\"}]},{\"@type\":\"WebSite\",\"@id\":\"https:\\\/\\\/nadudvari.hu\\\/#website\",\"url\":\"https:\\\/\\\/nadudvari.hu\\\/\",\"name\":\"N\u00e1dudvari \u00c9lelmiszer\",\"description\":\"Tudod mi\u00e9rt j\u00f3, mert N\u00e1dudvari!\",\"publisher\":{\"@id\":\"https:\\\/\\\/nadudvari.hu\\\/#organization\"},\"alternateName\":\"N\u00e1dudvari\",\"potentialAction\":[{\"@type\":\"SearchAction\",\"target\":{\"@type\":\"EntryPoint\",\"urlTemplate\":\"https:\\\/\\\/nadudvari.hu\\\/?s={search_term_string}\"},\"query-input\":{\"@type\":\"PropertyValueSpecification\",\"valueRequired\":true,\"valueName\":\"search_term_string\"}}],\"inLanguage\":\"en-US\"},{\"@type\":\"Organization\",\"@id\":\"https:\\\/\\\/nadudvari.hu\\\/#organization\",\"name\":\"N\u00e1dudvari \u00c9lelmiszer Kft.\",\"alternateName\":\"N\u00e1dudvari\",\"url\":\"https:\\\/\\\/nadudvari.hu\\\/\",\"logo\":{\"@type\":\"ImageObject\",\"inLanguage\":\"en-US\",\"@id\":\"https:\\\/\\\/nadudvari.hu\\\/#\\\/schema\\\/logo\\\/image\\\/\",\"url\":\"https:\\\/\\\/nadudvari.hu\\\/wp-content\\\/uploads\\\/2023\\\/02\\\/nadudvari-logo.png\",\"contentUrl\":\"https:\\\/\\\/nadudvari.hu\\\/wp-content\\\/uploads\\\/2023\\\/02\\\/nadudvari-logo.png\",\"width\":509,\"height\":150,\"caption\":\"N\u00e1dudvari \u00c9lelmiszer Kft.\"},\"image\":{\"@id\":\"https:\\\/\\\/nadudvari.hu\\\/#\\\/schema\\\/logo\\\/image\\\/\"},\"sameAs\":[\"https:\\\/\\\/www.facebook.com\\\/NadudvariElelmiszerKft\"]}]}<\/script>\n<!-- \/ Yoast SEO plugin. -->","yoast_head_json":{"title":"Impressum - N\u00e1dudvari \u00c9lelmiszer - Tudjuk, mi kell otthonra","description":"D\u00edjnyertes \u00e9s 100%-ban hazai N\u00e1dudvari \u00e9lelmiszerek, amelyek h\u0171en t\u00fckr\u00f6zik a vid\u00e9k \u00edz\u00e9t azoknak, akik min\u0151s\u00e9gi \u00e9s finom \u00e9telekre v\u00e1gynak.","robots":{"index":"index","follow":"follow","max-snippet":"max-snippet:-1","max-image-preview":"max-image-preview:large","max-video-preview":"max-video-preview:-1"},"canonical":"https:\/\/nadudvari.hu\/en\/impressum\/","og_locale":"en_US","og_type":"article","og_title":"Impressum - N\u00e1dudvari \u00c9lelmiszer - Tudjuk, mi kell otthonra","og_description":"D\u00edjnyertes \u00e9s 100%-ban hazai N\u00e1dudvari \u00e9lelmiszerek, amelyek h\u0171en t\u00fckr\u00f6zik a vid\u00e9k \u00edz\u00e9t azoknak, akik min\u0151s\u00e9gi \u00e9s finom \u00e9telekre v\u00e1gynak.","og_url":"https:\/\/nadudvari.hu\/en\/impressum\/","og_site_name":"N\u00e1dudvari \u00c9lelmiszer","article_publisher":"https:\/\/www.facebook.com\/NadudvariElelmiszerKft","article_modified_time":"2023-05-14T22:26:01+00:00","og_image":[{"width":509,"height":150,"url":"https:\/\/nadudvari.hu\/wp-content\/uploads\/2023\/02\/nadudvari-logo.png","type":"image\/png"}],"twitter_card":"summary_large_image","schema":{"@context":"https:\/\/schema.org","@graph":[{"@type":"WebPage","@id":"https:\/\/nadudvari.hu\/en\/impressum\/","url":"https:\/\/nadudvari.hu\/en\/impressum\/","name":"Impressum - N\u00e1dudvari \u00c9lelmiszer - Tudjuk, mi kell otthonra","isPartOf":{"@id":"https:\/\/nadudvari.hu\/#website"},"datePublished":"2023-02-08T20:53:58+00:00","dateModified":"2023-05-14T22:26:01+00:00","description":"D\u00edjnyertes \u00e9s 100%-ban hazai N\u00e1dudvari \u00e9lelmiszerek, amelyek h\u0171en t\u00fckr\u00f6zik a vid\u00e9k \u00edz\u00e9t azoknak, akik min\u0151s\u00e9gi \u00e9s finom \u00e9telekre v\u00e1gynak.","breadcrumb":{"@id":"https:\/\/nadudvari.hu\/en\/impressum\/#breadcrumb"},"inLanguage":"en-US","potentialAction":[{"@type":"ReadAction","target":["https:\/\/nadudvari.hu\/en\/impressum\/"]}]},{"@type":"BreadcrumbList","@id":"https:\/\/nadudvari.hu\/en\/impressum\/#breadcrumb","itemListElement":[{"@type":"ListItem","position":1,"name":"Kezd\u0151lap","item":"https:\/\/nadudvari.hu\/"},{"@type":"ListItem","position":2,"name":"Impressum"}]},{"@type":"WebSite","@id":"https:\/\/nadudvari.hu\/#website","url":"https:\/\/nadudvari.hu\/","name":"N\u00e1dudvari \u00c9lelmiszer","description":"Tudod mi\u00e9rt j\u00f3, mert N\u00e1dudvari!","publisher":{"@id":"https:\/\/nadudvari.hu\/#organization"},"alternateName":"N\u00e1dudvari","potentialAction":[{"@type":"SearchAction","target":{"@type":"EntryPoint","urlTemplate":"https:\/\/nadudvari.hu\/?s={search_term_string}"},"query-input":{"@type":"PropertyValueSpecification","valueRequired":true,"valueName":"search_term_string"}}],"inLanguage":"en-US"},{"@type":"Organization","@id":"https:\/\/nadudvari.hu\/#organization","name":"N\u00e1dudvari \u00c9lelmiszer Kft.","alternateName":"N\u00e1dudvari","url":"https:\/\/nadudvari.hu\/","logo":{"@type":"ImageObject","inLanguage":"en-US","@id":"https:\/\/nadudvari.hu\/#\/schema\/logo\/image\/","url":"https:\/\/nadudvari.hu\/wp-content\/uploads\/2023\/02\/nadudvari-logo.png","contentUrl":"https:\/\/nadudvari.hu\/wp-content\/uploads\/2023\/02\/nadudvari-logo.png","width":509,"height":150,"caption":"N\u00e1dudvari \u00c9lelmiszer Kft."},"image":{"@id":"https:\/\/nadudvari.hu\/#\/schema\/logo\/image\/"},"sameAs":["https:\/\/www.facebook.com\/NadudvariElelmiszerKft"]}]}},"_links":{"self":[{"href":"https:\/\/nadudvari.hu\/en\/wp-json\/wp\/v2\/pages\/5470","targetHints":{"allow":["GET"]}}],"collection":[{"href":"https:\/\/nadudvari.hu\/en\/wp-json\/wp\/v2\/pages"}],"about":[{"href":"https:\/\/nadudvari.hu\/en\/wp-json\/wp\/v2\/types\/page"}],"author":[{"embeddable":true,"href":"https:\/\/nadudvari.hu\/en\/wp-json\/wp\/v2\/users\/16"}],"replies":[{"embeddable":true,"href":"https:\/\/nadudvari.hu\/en\/wp-json\/wp\/v2\/comments?post=5470"}],"version-history":[{"count":0,"href":"https:\/\/nadudvari.hu\/en\/wp-json\/wp\/v2\/pages\/5470\/revisions"}],"wp:attachment":[{"href":"https:\/\/nadudvari.hu\/en\/wp-json\/wp\/v2\/media?parent=5470"}],"curies":[{"name":"wp","href":"https:\/\/api.w.org\/{rel}","templated":true}]}}